{"id":13218,"date":"2020-04-21T10:34:24","date_gmt":"2020-04-21T10:34:24","guid":{"rendered":"https:\/\/globalaffairsgazette.com\/ueber-mich\/"},"modified":"2025-06-11T13:37:12","modified_gmt":"2025-06-11T13:37:12","slug":"ueber-mich","status":"publish","type":"page","link":"https:\/\/globalaffairsgazette.com\/de\/ueber-mich\/","title":{"rendered":"\u00dcber mich"},"content":{"rendered":"\t\t<div data-elementor-type=\"wp-page\" data-elementor-id=\"13218\" class=\"elementor elementor-13218 elementor-3410\">\n\t\t\t\t\t\t<section class=\"elementor-section elementor-top-section elementor-element elementor-element-5ee0948 elementor-section-boxed elementor-section-height-default elementor-section-height-default sc_fly_static\" data-id=\"5ee0948\" data-element_type=\"section\" data-e-type=\"section\">\n\t\t\t\t\t\t<div class=\"elementor-container elementor-column-gap-extended\">\n\t\t\t\t\t<div class=\"elementor-column elementor-col-100 elementor-top-column elementor-element elementor-element-f67820b sc_content_align_inherit sc_layouts_column_icons_position_left sc_fly_static\" data-id=\"f67820b\" data-element_type=\"column\" data-e-type=\"column\">\n\t\t\t<div class=\"elementor-widget-wrap elementor-element-populated\">\n\t\t\t\t\t\t<div class=\"elementor-element elementor-element-7fdd0e4 sc_fly_static elementor-widget elementor-widget-heading\" data-id=\"7fdd0e4\" data-element_type=\"widget\" data-e-type=\"widget\" data-widget_type=\"heading.default\">\n\t\t\t\t<div class=\"elementor-widget-container\">\n\t\t\t\t\t<h1 class=\"elementor-heading-title elementor-size-default\">\u00dcber mich<\/h1>\t\t\t\t<\/div>\n\t\t\t\t<\/div>\n\t\t\t\t\t<\/div>\n\t\t<\/div>\n\t\t\t\t\t<\/div>\n\t\t<\/section>\n\t\t\t\t<section class=\"elementor-section elementor-top-section elementor-element elementor-element-aa91abe elementor-section-boxed elementor-section-height-default elementor-section-height-default sc_fly_static\" data-id=\"aa91abe\" data-element_type=\"section\" data-e-type=\"section\">\n\t\t\t\t\t\t<div class=\"elementor-container elementor-column-gap-extended\">\n\t\t\t\t\t<div class=\"elementor-column elementor-col-100 elementor-top-column elementor-element elementor-element-06fc739 sc_content_align_inherit sc_layouts_column_icons_position_left sc_fly_static\" data-id=\"06fc739\" data-element_type=\"column\" data-e-type=\"column\">\n\t\t\t<div class=\"elementor-widget-wrap elementor-element-populated\">\n\t\t\t\t\t\t<section class=\"elementor-section elementor-inner-section elementor-element elementor-element-bb2d194 elementor-reverse-tablet elementor-reverse-mobile elementor-section-boxed elementor-section-height-default elementor-section-height-default sc_fly_static\" data-id=\"bb2d194\" data-element_type=\"section\" data-e-type=\"section\">\n\t\t\t\t\t\t<div class=\"elementor-container elementor-column-gap-default\">\n\t\t\t\t\t<div class=\"elementor-column elementor-col-50 elementor-inner-column elementor-element elementor-element-824ec8f sc_inner_width_1_1 sc_layouts_column_align_left sc_layouts_column sc_content_align_inherit sc_layouts_column_icons_position_left sc_fly_static\" data-id=\"824ec8f\" data-element_type=\"column\" data-e-type=\"column\">\n\t\t\t<div class=\"elementor-widget-wrap elementor-element-populated\">\n\t\t\t\t\t\t<div class=\"elementor-element elementor-element-67b2cc4 elementor-widget__width-initial elementor-widget-tablet__width-initial elementor-widget-mobile__width-inherit sc_fly_static elementor-widget elementor-widget-text-editor\" data-id=\"67b2cc4\" data-element_type=\"widget\" data-e-type=\"widget\" data-widget_type=\"text-editor.default\">\n\t\t\t\t<div class=\"elementor-widget-container\">\n\t\t\t\t\t\t\t\t\t<p data-start=\"1414\" data-end=\"1456\"><\/p><p data-start=\"1458\" data-end=\"1746\">Ich bin Lasse, 21 Jahre alt und studiere derzeit Publizistik an der Universit\u00e4t Wien. Mich interessieren besonders die Aspekte globaler Politik, die in den klassischen Medien oft \u00fcbersehen werden. <\/p>\n<p data-start=\"1748\" data-end=\"2043\">Die Nachrichtenlandschaft kreist h\u00e4ufig um dieselben Themen: Donald Trump, der Krieg in der Ukraine, der Nahostkonflikt. Wie viele andere bin ich davon m\u00fcde. Mit dem Blog m\u00f6chte ich den Blick weiten \u2013 auf L\u00e4nder und Konflikte, die selten Schlagzeilen machen, auf unbekannte juristische &#8222;Konflikte&#8220;, die Auswirkungen des Klimas auf die Politik und die Geopolitik von morgen.  <\/p>\n<p data-start=\"2045\" data-end=\"2384\">Neben dem Schreiben spiele ich leidenschaftlich gern V\u00f6lkerball und Golf \u2013 und probiere am liebsten jede Sportart aus, die mir \u00fcber den Weg l\u00e4uft. Ich finde Ruhe beim (mittelm\u00e4\u00dfigen) Gitarrespielen, beim Ausgehen mit Freunden und beim H\u00f6ren von Musik, die sonst niemand in meinem Freundeskreis mag. Momentan besch\u00e4ftige ich mich intensiv mit Fotografie, Videoproduktion und Design \u2013 einige Sachen teile ich auf dem Instagram-Kanal des Blogs.  <\/p>\n<p data-start=\"2386\" data-end=\"2777\">Ich bin in S\u00fcdfrankreich aufgewachsen, mit 13 nach Deutschland gezogen, habe mein Studium in M\u00e1laga begonnen und schlie\u00dfe es nun in Wien ab. Ich spreche vier Sprachen \u2013 Deutsch, Franz\u00f6sisch, Englisch und Spanisch. Drei davon sind bereits Teil dieses Blogs, Franz\u00f6sisch soll bald folgen. Ich habe ein Praktikum beim ORF absolviert und nehme dieses Jahr an den European Universities Debating Championships teil.  <\/p>\n<p data-start=\"2779\" data-end=\"2872\">Schreib mir gerne \u2013 mit Feedback, Fragen oder Ideen. Ich freue mich, von dir zu h\u00f6ren. <\/p>\t\t\t\t\t\t\t\t<\/div>\n\t\t\t\t<\/div>\n\t\t\t\t\t<\/div>\n\t\t<\/div>\n\t\t\t\t<div class=\"elementor-column elementor-col-50 elementor-inner-column elementor-element elementor-element-4ee2076 sc-tablet_inner_width_1_1 sc_content_align_inherit sc_layouts_column_icons_position_left sc_fly_static\" data-id=\"4ee2076\" data-element_type=\"column\" data-e-type=\"column\">\n\t\t\t<div class=\"elementor-widget-wrap elementor-element-populated\">\n\t\t\t\t\t\t<div class=\"elementor-element elementor-element-79d8a26 sc_fly_static elementor-widget elementor-widget-image\" data-id=\"79d8a26\" data-element_type=\"widget\" data-e-type=\"widget\" data-widget_type=\"image.default\">\n\t\t\t\t<div class=\"elementor-widget-container\">\n\t\t\t\t\t\t\t\t\t\t\t\t\t\t\t<img fetchpriority=\"high\" decoding=\"async\" width=\"2048\" height=\"2048\" src=\"https:\/\/globalaffairsgazette.com\/wp-content\/uploads\/2024\/03\/IMG_0052-1-2048x2048.jpg\" class=\"lazyload_inited attachment-2048x2048 size-2048x2048 wp-image-13159\" alt=\"\" srcset=\"https:\/\/globalaffairsgazette.com\/wp-content\/uploads\/2024\/03\/IMG_0052-1-2048x2048.jpg 2048w, https:\/\/globalaffairsgazette.com\/wp-content\/uploads\/2024\/03\/IMG_0052-1-300x300.jpg 300w, https:\/\/globalaffairsgazette.com\/wp-content\/uploads\/2024\/03\/IMG_0052-1-1024x1024.jpg 1024w, https:\/\/globalaffairsgazette.com\/wp-content\/uploads\/2024\/03\/IMG_0052-1-150x150.jpg 150w, https:\/\/globalaffairsgazette.com\/wp-content\/uploads\/2024\/03\/IMG_0052-1-768x768.jpg 768w, https:\/\/globalaffairsgazette.com\/wp-content\/uploads\/2024\/03\/IMG_0052-1-1536x1536.jpg 1536w, https:\/\/globalaffairsgazette.com\/wp-content\/uploads\/2024\/03\/IMG_0052-1-370x370.jpg 370w, https:\/\/globalaffairsgazette.com\/wp-content\/uploads\/2024\/03\/IMG_0052-1-120x120.jpg 120w, https:\/\/globalaffairsgazette.com\/wp-content\/uploads\/2024\/03\/IMG_0052-1-1290x1290.jpg 1290w, https:\/\/globalaffairsgazette.com\/wp-content\/uploads\/2024\/03\/IMG_0052-1-1080x1080.jpg 1080w, https:\/\/globalaffairsgazette.com\/wp-content\/uploads\/2024\/03\/IMG_0052-1-865x865.jpg 865w, https:\/\/globalaffairsgazette.com\/wp-content\/uploads\/2024\/03\/IMG_0052-1-642x642.jpg 642w, https:\/\/globalaffairsgazette.com\/wp-content\/uploads\/2024\/03\/IMG_0052-1-160x160.jpg 160w\" sizes=\"(max-width: 2048px) 100vw, 2048px\" \/>\t\t\t\t\t\t\t\t\t\t\t\t\t\t\t<\/div>\n\t\t\t\t<\/div>\n\t\t\t\t\t<\/div>\n\t\t<\/div>\n\t\t\t\t\t<\/div>\n\t\t<\/section>\n\t\t\t\t\t<\/div>\n\t\t<\/div>\n\t\t\t\t\t<\/div>\n\t\t<\/section>\n\t\t\t\t<section class=\"elementor-section elementor-top-section elementor-element elementor-element-7b36aeb elementor-section-boxed elementor-section-height-default elementor-section-height-default sc_fly_static\" data-id=\"7b36aeb\" data-element_type=\"section\" data-e-type=\"section\">\n\t\t\t\t\t\t<div class=\"elementor-container elementor-column-gap-extended\">\n\t\t\t\t\t<div class=\"elementor-column elementor-col-100 elementor-top-column elementor-element elementor-element-c380027 sc_content_align_inherit sc_layouts_column_icons_position_left sc_fly_static\" data-id=\"c380027\" data-element_type=\"column\" data-e-type=\"column\">\n\t\t\t<div class=\"elementor-widget-wrap elementor-element-populated\">\n\t\t\t\t\t\t<div class=\"elementor-element elementor-element-d381aad sc_fly_static elementor-widget elementor-widget-spacer\" data-id=\"d381aad\" data-element_type=\"widget\" data-e-type=\"widget\" data-widget_type=\"spacer.default\">\n\t\t\t\t<div class=\"elementor-widget-container\">\n\t\t\t\t\t\t\t<div class=\"elementor-spacer\">\n\t\t\t<div class=\"elementor-spacer-inner\"><\/div>\n\t\t<\/div>\n\t\t\t\t\t\t<\/div>\n\t\t\t\t<\/div>\n\t\t\t\t\t<\/div>\n\t\t<\/div>\n\t\t\t\t\t<\/div>\n\t\t<\/section>\n\t\t\t\t<section class=\"elementor-section elementor-top-section elementor-element elementor-element-aa1c5d5 elementor-section-boxed elementor-section-height-default elementor-section-height-default sc_fly_static\" data-id=\"aa1c5d5\" data-element_type=\"section\" data-e-type=\"section\">\n\t\t\t\t\t\t<div class=\"elementor-container elementor-column-gap-extended\">\n\t\t\t\t\t<div class=\"elementor-column elementor-col-100 elementor-top-column elementor-element elementor-element-36efd85 sc_content_align_inherit sc_layouts_column_icons_position_left sc_fly_static\" data-id=\"36efd85\" data-element_type=\"column\" data-e-type=\"column\">\n\t\t\t<div class=\"elementor-widget-wrap elementor-element-populated\">\n\t\t\t\t\t\t<div class=\"elementor-element elementor-element-b577005 sc_fly_static elementor-widget elementor-widget-spacer\" data-id=\"b577005\" data-element_type=\"widget\" data-e-type=\"widget\" data-widget_type=\"spacer.default\">\n\t\t\t\t<div class=\"elementor-widget-container\">\n\t\t\t\t\t\t\t<div class=\"elementor-spacer\">\n\t\t\t<div class=\"elementor-spacer-inner\"><\/div>\n\t\t<\/div>\n\t\t\t\t\t\t<\/div>\n\t\t\t\t<\/div>\n\t\t\t\t\t<\/div>\n\t\t<\/div>\n\t\t\t\t\t<\/div>\n\t\t<\/section>\n\t\t\t\t<section class=\"elementor-section elementor-top-section elementor-element elementor-element-2119893 elementor-section-boxed elementor-section-height-default elementor-section-height-default sc_fly_static\" data-id=\"2119893\" data-element_type=\"section\" data-e-type=\"section\">\n\t\t\t\t\t\t<div class=\"elementor-container elementor-column-gap-extended\">\n\t\t\t\t\t<div class=\"elementor-column elementor-col-100 elementor-top-column elementor-element elementor-element-8526edb sc_content_align_inherit sc_layouts_column_icons_position_left sc_fly_static\" data-id=\"8526edb\" data-element_type=\"column\" data-e-type=\"column\">\n\t\t\t<div class=\"elementor-widget-wrap elementor-element-populated\">\n\t\t\t\t\t\t<div class=\"elementor-element elementor-element-d458929 sc_fly_static elementor-widget elementor-widget-spacer\" data-id=\"d458929\" data-element_type=\"widget\" data-e-type=\"widget\" data-widget_type=\"spacer.default\">\n\t\t\t\t<div class=\"elementor-widget-container\">\n\t\t\t\t\t\t\t<div class=\"elementor-spacer\">\n\t\t\t<div class=\"elementor-spacer-inner\"><\/div>\n\t\t<\/div>\n\t\t\t\t\t\t<\/div>\n\t\t\t\t<\/div>\n\t\t\t\t\t<\/div>\n\t\t<\/div>\n\t\t\t\t\t<\/div>\n\t\t<\/section>\n\t\t\t\t<section class=\"elementor-section elementor-top-section elementor-element elementor-element-769b6d8 elementor-section-boxed elementor-section-height-default elementor-section-height-default sc_fly_static\" data-id=\"769b6d8\" data-element_type=\"section\" data-e-type=\"section\">\n\t\t\t\t\t\t<div class=\"elementor-container elementor-column-gap-extended\">\n\t\t\t\t\t<div class=\"elementor-column elementor-col-100 elementor-top-column elementor-element elementor-element-5c88929 sc_content_align_inherit sc_layouts_column_icons_position_left sc_fly_static\" data-id=\"5c88929\" data-element_type=\"column\" data-e-type=\"column\">\n\t\t\t<div class=\"elementor-widget-wrap\">\n\t\t\t\t\t\t\t<\/div>\n\t\t<\/div>\n\t\t\t\t\t<\/div>\n\t\t<\/section>\n\t\t\t\t<\/div>\n\t\t","protected":false},"excerpt":{"rendered":"<p>\u00dcber mich Ich bin Lasse, 21 Jahre alt und studiere derzeit Publizistik an der Universit\u00e4t Wien. Mich interessieren besonders die Aspekte globaler Politik, die in den klassischen Medien oft \u00fcbersehen werden. Die Nachrichtenlandschaft kreist h\u00e4ufig um dieselben Themen: Donald Trump, der Krieg in der Ukraine, der Nahostkonflikt. Wie viele andere bin ich davon m\u00fcde. Mit&hellip;<\/p>\n","protected":false},"author":1,"featured_media":0,"parent":0,"menu_order":0,"comment_status":"closed","ping_status":"closed","template":"","meta":{"limit_modified_date":"","last_modified_date":"","footnotes":""},"class_list":["post-13218","page","type-page","status-publish","hentry"],"yoast_head":"<!-- This site is optimized with the Yoast SEO plugin v27.6 - https:\/\/yoast.com\/product\/yoast-seo-wordpress\/ -->\n<title>\u00dcber mich - Global Affairs Gazette<\/title>\n<meta name=\"robots\" content=\"index, follow, max-snippet:-1, max-image-preview:large, max-video-preview:-1\" \/>\n<link rel=\"canonical\" href=\"https:\/\/globalaffairsgazette.com\/de\/ueber-mich\/\" \/>\n<meta property=\"og:locale\" content=\"de_DE\" \/>\n<meta property=\"og:type\" content=\"article\" \/>\n<meta property=\"og:title\" content=\"\u00dcber mich - Global Affairs Gazette\" \/>\n<meta property=\"og:description\" content=\"\u00dcber mich Ich bin Lasse, 21 Jahre alt und studiere derzeit Publizistik an der Universit\u00e4t Wien. Mich interessieren besonders die Aspekte globaler Politik, die in den klassischen Medien oft \u00fcbersehen werden. Die Nachrichtenlandschaft kreist h\u00e4ufig um dieselben Themen: Donald Trump, der Krieg in der Ukraine, der Nahostkonflikt. Wie viele andere bin ich davon m\u00fcde. Mit&hellip;\" \/>\n<meta property=\"og:url\" content=\"https:\/\/globalaffairsgazette.com\/de\/ueber-mich\/\" \/>\n<meta property=\"og:site_name\" content=\"Global Affairs Gazette\" \/>\n<meta property=\"article:modified_time\" content=\"2025-06-11T13:37:12+00:00\" \/>\n<meta property=\"og:image\" content=\"https:\/\/globalaffairsgazette.com\/wp-content\/uploads\/2024\/03\/IMG_0052-1-scaled.jpg\" \/>\n\t<meta property=\"og:image:width\" content=\"1600\" \/>\n\t<meta property=\"og:image:height\" content=\"1600\" \/>\n\t<meta property=\"og:image:type\" content=\"image\/jpeg\" \/>\n<meta name=\"twitter:card\" content=\"summary_large_image\" \/>\n<meta name=\"twitter:label1\" content=\"Gesch\u00e4tzte Lesezeit\" \/>\n\t<meta name=\"twitter:data1\" content=\"1\u00a0Minute\" \/>\n<script type=\"application\/ld+json\" class=\"yoast-schema-graph\">{\"@context\":\"https:\\\/\\\/schema.org\",\"@graph\":[{\"@type\":\"WebPage\",\"@id\":\"https:\\\/\\\/globalaffairsgazette.com\\\/de\\\/ueber-mich\\\/\",\"url\":\"https:\\\/\\\/globalaffairsgazette.com\\\/de\\\/ueber-mich\\\/\",\"name\":\"\u00dcber mich - Global Affairs Gazette\",\"isPartOf\":{\"@id\":\"https:\\\/\\\/globalaffairsgazette.com\\\/de\\\/#website\"},\"primaryImageOfPage\":{\"@id\":\"https:\\\/\\\/globalaffairsgazette.com\\\/de\\\/ueber-mich\\\/#primaryimage\"},\"image\":{\"@id\":\"https:\\\/\\\/globalaffairsgazette.com\\\/de\\\/ueber-mich\\\/#primaryimage\"},\"thumbnailUrl\":\"https:\\\/\\\/globalaffairsgazette.com\\\/wp-content\\\/uploads\\\/2024\\\/03\\\/IMG_0052-1-2048x2048.jpg\",\"datePublished\":\"2020-04-21T10:34:24+00:00\",\"dateModified\":\"2025-06-11T13:37:12+00:00\",\"breadcrumb\":{\"@id\":\"https:\\\/\\\/globalaffairsgazette.com\\\/de\\\/ueber-mich\\\/#breadcrumb\"},\"inLanguage\":\"de\",\"potentialAction\":[{\"@type\":\"ReadAction\",\"target\":[\"https:\\\/\\\/globalaffairsgazette.com\\\/de\\\/ueber-mich\\\/\"]}]},{\"@type\":\"ImageObject\",\"inLanguage\":\"de\",\"@id\":\"https:\\\/\\\/globalaffairsgazette.com\\\/de\\\/ueber-mich\\\/#primaryimage\",\"url\":\"https:\\\/\\\/globalaffairsgazette.com\\\/wp-content\\\/uploads\\\/2024\\\/03\\\/IMG_0052-1-2048x2048.jpg\",\"contentUrl\":\"https:\\\/\\\/globalaffairsgazette.com\\\/wp-content\\\/uploads\\\/2024\\\/03\\\/IMG_0052-1-2048x2048.jpg\"},{\"@type\":\"BreadcrumbList\",\"@id\":\"https:\\\/\\\/globalaffairsgazette.com\\\/de\\\/ueber-mich\\\/#breadcrumb\",\"itemListElement\":[{\"@type\":\"ListItem\",\"position\":1,\"name\":\"Home\",\"item\":\"https:\\\/\\\/globalaffairsgazette.com\\\/de\\\/\"},{\"@type\":\"ListItem\",\"position\":2,\"name\":\"\u00dcber mich\"}]},{\"@type\":\"WebSite\",\"@id\":\"https:\\\/\\\/globalaffairsgazette.com\\\/de\\\/#website\",\"url\":\"https:\\\/\\\/globalaffairsgazette.com\\\/de\\\/\",\"name\":\"Global Affairs Gazette\",\"description\":\"\",\"publisher\":{\"@id\":\"https:\\\/\\\/globalaffairsgazette.com\\\/de\\\/#\\\/schema\\\/person\\\/f88e8d0c915ec70efe439f26e97af787\"},\"alternateName\":\"GAG\",\"potentialAction\":[{\"@type\":\"SearchAction\",\"target\":{\"@type\":\"EntryPoint\",\"urlTemplate\":\"https:\\\/\\\/globalaffairsgazette.com\\\/de\\\/?s={search_term_string}\"},\"query-input\":{\"@type\":\"PropertyValueSpecification\",\"valueRequired\":true,\"valueName\":\"search_term_string\"}}],\"inLanguage\":\"de\"},{\"@type\":[\"Person\",\"Organization\"],\"@id\":\"https:\\\/\\\/globalaffairsgazette.com\\\/de\\\/#\\\/schema\\\/person\\\/f88e8d0c915ec70efe439f26e97af787\",\"name\":\"Lasse Frangenberg\",\"image\":{\"@type\":\"ImageObject\",\"inLanguage\":\"de\",\"@id\":\"https:\\\/\\\/globalaffairsgazette.com\\\/wp-content\\\/uploads\\\/2024\\\/03\\\/Logo-without-Background-4.png\",\"url\":\"https:\\\/\\\/globalaffairsgazette.com\\\/wp-content\\\/uploads\\\/2024\\\/03\\\/Logo-without-Background-4.png\",\"contentUrl\":\"https:\\\/\\\/globalaffairsgazette.com\\\/wp-content\\\/uploads\\\/2024\\\/03\\\/Logo-without-Background-4.png\",\"width\":1600,\"height\":1600,\"caption\":\"Lasse Frangenberg\"},\"logo\":{\"@id\":\"https:\\\/\\\/globalaffairsgazette.com\\\/wp-content\\\/uploads\\\/2024\\\/03\\\/Logo-without-Background-4.png\"},\"sameAs\":[\"https:\\\/\\\/globalaffairsgazette.com\"]}]}<\/script>\n<!-- \/ Yoast SEO plugin. -->","yoast_head_json":{"title":"\u00dcber mich - Global Affairs Gazette","robots":{"index":"index","follow":"follow","max-snippet":"max-snippet:-1","max-image-preview":"max-image-preview:large","max-video-preview":"max-video-preview:-1"},"canonical":"https:\/\/globalaffairsgazette.com\/de\/ueber-mich\/","og_locale":"de_DE","og_type":"article","og_title":"\u00dcber mich - Global Affairs Gazette","og_description":"\u00dcber mich Ich bin Lasse, 21 Jahre alt und studiere derzeit Publizistik an der Universit\u00e4t Wien. Mich interessieren besonders die Aspekte globaler Politik, die in den klassischen Medien oft \u00fcbersehen werden. Die Nachrichtenlandschaft kreist h\u00e4ufig um dieselben Themen: Donald Trump, der Krieg in der Ukraine, der Nahostkonflikt. Wie viele andere bin ich davon m\u00fcde. Mit&hellip;","og_url":"https:\/\/globalaffairsgazette.com\/de\/ueber-mich\/","og_site_name":"Global Affairs Gazette","article_modified_time":"2025-06-11T13:37:12+00:00","og_image":[{"width":1600,"height":1600,"url":"https:\/\/globalaffairsgazette.com\/wp-content\/uploads\/2024\/03\/IMG_0052-1-scaled.jpg","type":"image\/jpeg"}],"twitter_card":"summary_large_image","twitter_misc":{"Gesch\u00e4tzte Lesezeit":"1\u00a0Minute"},"schema":{"@context":"https:\/\/schema.org","@graph":[{"@type":"WebPage","@id":"https:\/\/globalaffairsgazette.com\/de\/ueber-mich\/","url":"https:\/\/globalaffairsgazette.com\/de\/ueber-mich\/","name":"\u00dcber mich - Global Affairs Gazette","isPartOf":{"@id":"https:\/\/globalaffairsgazette.com\/de\/#website"},"primaryImageOfPage":{"@id":"https:\/\/globalaffairsgazette.com\/de\/ueber-mich\/#primaryimage"},"image":{"@id":"https:\/\/globalaffairsgazette.com\/de\/ueber-mich\/#primaryimage"},"thumbnailUrl":"https:\/\/globalaffairsgazette.com\/wp-content\/uploads\/2024\/03\/IMG_0052-1-2048x2048.jpg","datePublished":"2020-04-21T10:34:24+00:00","dateModified":"2025-06-11T13:37:12+00:00","breadcrumb":{"@id":"https:\/\/globalaffairsgazette.com\/de\/ueber-mich\/#breadcrumb"},"inLanguage":"de","potentialAction":[{"@type":"ReadAction","target":["https:\/\/globalaffairsgazette.com\/de\/ueber-mich\/"]}]},{"@type":"ImageObject","inLanguage":"de","@id":"https:\/\/globalaffairsgazette.com\/de\/ueber-mich\/#primaryimage","url":"https:\/\/globalaffairsgazette.com\/wp-content\/uploads\/2024\/03\/IMG_0052-1-2048x2048.jpg","contentUrl":"https:\/\/globalaffairsgazette.com\/wp-content\/uploads\/2024\/03\/IMG_0052-1-2048x2048.jpg"},{"@type":"BreadcrumbList","@id":"https:\/\/globalaffairsgazette.com\/de\/ueber-mich\/#breadcrumb","itemListElement":[{"@type":"ListItem","position":1,"name":"Home","item":"https:\/\/globalaffairsgazette.com\/de\/"},{"@type":"ListItem","position":2,"name":"\u00dcber mich"}]},{"@type":"WebSite","@id":"https:\/\/globalaffairsgazette.com\/de\/#website","url":"https:\/\/globalaffairsgazette.com\/de\/","name":"Global Affairs Gazette","description":"","publisher":{"@id":"https:\/\/globalaffairsgazette.com\/de\/#\/schema\/person\/f88e8d0c915ec70efe439f26e97af787"},"alternateName":"GAG","potentialAction":[{"@type":"SearchAction","target":{"@type":"EntryPoint","urlTemplate":"https:\/\/globalaffairsgazette.com\/de\/?s={search_term_string}"},"query-input":{"@type":"PropertyValueSpecification","valueRequired":true,"valueName":"search_term_string"}}],"inLanguage":"de"},{"@type":["Person","Organization"],"@id":"https:\/\/globalaffairsgazette.com\/de\/#\/schema\/person\/f88e8d0c915ec70efe439f26e97af787","name":"Lasse Frangenberg","image":{"@type":"ImageObject","inLanguage":"de","@id":"https:\/\/globalaffairsgazette.com\/wp-content\/uploads\/2024\/03\/Logo-without-Background-4.png","url":"https:\/\/globalaffairsgazette.com\/wp-content\/uploads\/2024\/03\/Logo-without-Background-4.png","contentUrl":"https:\/\/globalaffairsgazette.com\/wp-content\/uploads\/2024\/03\/Logo-without-Background-4.png","width":1600,"height":1600,"caption":"Lasse Frangenberg"},"logo":{"@id":"https:\/\/globalaffairsgazette.com\/wp-content\/uploads\/2024\/03\/Logo-without-Background-4.png"},"sameAs":["https:\/\/globalaffairsgazette.com"]}]}},"jetpack_sharing_enabled":true,"_links":{"self":[{"href":"https:\/\/globalaffairsgazette.com\/de\/wp-json\/wp\/v2\/pages\/13218","targetHints":{"allow":["GET"]}}],"collection":[{"href":"https:\/\/globalaffairsgazette.com\/de\/wp-json\/wp\/v2\/pages"}],"about":[{"href":"https:\/\/globalaffairsgazette.com\/de\/wp-json\/wp\/v2\/types\/page"}],"author":[{"embeddable":true,"href":"https:\/\/globalaffairsgazette.com\/de\/wp-json\/wp\/v2\/users\/1"}],"replies":[{"embeddable":true,"href":"https:\/\/globalaffairsgazette.com\/de\/wp-json\/wp\/v2\/comments?post=13218"}],"version-history":[{"count":5,"href":"https:\/\/globalaffairsgazette.com\/de\/wp-json\/wp\/v2\/pages\/13218\/revisions"}],"predecessor-version":[{"id":13259,"href":"https:\/\/globalaffairsgazette.com\/de\/wp-json\/wp\/v2\/pages\/13218\/revisions\/13259"}],"wp:attachment":[{"href":"https:\/\/globalaffairsgazette.com\/de\/wp-json\/wp\/v2\/media?parent=13218"}],"curies":[{"name":"wp","href":"https:\/\/api.w.org\/{rel}","templated":true}]}}