{"id":13410,"date":"2025-06-25T23:48:30","date_gmt":"2025-06-25T21:48:30","guid":{"rendered":"https:\/\/globalaffairsgazette.com\/impressum\/"},"modified":"2025-09-23T17:57:29","modified_gmt":"2025-09-23T15:57:29","slug":"impressum","status":"publish","type":"page","link":"https:\/\/globalaffairsgazette.com\/de\/impressum\/","title":{"rendered":"Impressum"},"content":{"rendered":"\n<h1 class=\"wp-block-heading\">Impressum<\/h1>\n\n\n\n<p>Lasse Frangenberg<br>D\u00fcsseldorfer Stra\u00dfe 190<strong><br><\/strong>40545 D\u00fcsseldorf<\/p>\n\n\n\n<h2 class=\"wp-block-heading\"><strong>Kontakt<\/strong><\/h2>\n\n\n\n<p>Telefon: +49 176 47811763<br>Email: <a>globalaffairsgazette@gmail.com<\/a><\/p>\n\n\n\n<h2 class=\"wp-block-heading\"><strong>Redaktionell verantwortlich<\/strong><\/h2>\n\n\n\n<p>Lasse Frangenberg<br>D\u00fcsseldorfer Stra\u00dfe 190<br>40545 D\u00fcsseldorf<br>Deutschland<\/p>\n\n\n\n<h2 class=\"wp-block-heading\"><strong>Haftungsausschluss \u2013 Haftung f\u00fcr Inhalte:<\/strong><\/h2>\n\n\n\n<p>Die Inhalte unserer Seiten wurden mit gr\u00f6\u00dfter Sorgfalt erstellt. Wir k\u00f6nnen jedoch keine Gew\u00e4hr f\u00fcr die Richtigkeit, Vollst\u00e4ndigkeit und Aktualit\u00e4t der Inhalte \u00fcbernehmen.<\/p>\n\n\n\n<h2 class=\"wp-block-heading\"><strong>Haftung f\u00fcr externe Links:<\/strong><\/h2>\n\n\n\n<p>Unsere Website enth\u00e4lt Links zu externen Websites Dritter. Wir haben keinen Einfluss auf den Inhalt dieser Websites und k\u00f6nnen daher keine Haftung daf\u00fcr \u00fcbernehmen. F\u00fcr den Inhalt der verlinkten Seiten ist stets der jeweilige Anbieter oder Betreiber verantwortlich.<\/p>\n\n\n\n<hr class=\"wp-block-separator has-alpha-channel-opacity\"\/>\n\n\n\n<p><\/p>\n","protected":false},"excerpt":{"rendered":"<p>Impressum Lasse FrangenbergD\u00fcsseldorfer Stra\u00dfe 19040545 D\u00fcsseldorf Kontakt Telefon: +49 176 47811763Email: globalaffairsgazette@gmail.com Redaktionell verantwortlich Lasse FrangenbergD\u00fcsseldorfer Stra\u00dfe 19040545 D\u00fcsseldorfDeutschland Haftungsausschluss \u2013 Haftung f\u00fcr Inhalte: Die Inhalte unserer Seiten wurden mit gr\u00f6\u00dfter Sorgfalt erstellt. Wir k\u00f6nnen jedoch keine Gew\u00e4hr f\u00fcr die Richtigkeit, Vollst\u00e4ndigkeit und Aktualit\u00e4t der Inhalte \u00fcbernehmen. Haftung f\u00fcr externe Links: Unsere Website enth\u00e4lt Links&hellip;<\/p>\n","protected":false},"author":1,"featured_media":0,"parent":0,"menu_order":0,"comment_status":"closed","ping_status":"closed","template":"","meta":{"limit_modified_date":"","last_modified_date":"","footnotes":""},"class_list":["post-13410","page","type-page","status-publish","hentry"],"yoast_head":"<!-- This site is optimized with the Yoast SEO plugin v27.5 - https:\/\/yoast.com\/product\/yoast-seo-wordpress\/ -->\n<title>Impressum - Global Affairs Gazette<\/title>\n<meta name=\"robots\" content=\"index, follow, max-snippet:-1, max-image-preview:large, max-video-preview:-1\" \/>\n<link rel=\"canonical\" href=\"https:\/\/globalaffairsgazette.com\/de\/impressum\/\" \/>\n<meta property=\"og:locale\" content=\"de_DE\" \/>\n<meta property=\"og:type\" content=\"article\" \/>\n<meta property=\"og:title\" content=\"Impressum - Global Affairs Gazette\" \/>\n<meta property=\"og:description\" content=\"Impressum Lasse FrangenbergD\u00fcsseldorfer Stra\u00dfe 19040545 D\u00fcsseldorf Kontakt Telefon: +49 176 47811763Email: globalaffairsgazette@gmail.com Redaktionell verantwortlich Lasse FrangenbergD\u00fcsseldorfer Stra\u00dfe 19040545 D\u00fcsseldorfDeutschland Haftungsausschluss \u2013 Haftung f\u00fcr Inhalte: Die Inhalte unserer Seiten wurden mit gr\u00f6\u00dfter Sorgfalt erstellt. Wir k\u00f6nnen jedoch keine Gew\u00e4hr f\u00fcr die Richtigkeit, Vollst\u00e4ndigkeit und Aktualit\u00e4t der Inhalte \u00fcbernehmen. Haftung f\u00fcr externe Links: Unsere Website enth\u00e4lt Links&hellip;\" \/>\n<meta property=\"og:url\" content=\"https:\/\/globalaffairsgazette.com\/de\/impressum\/\" \/>\n<meta property=\"og:site_name\" content=\"Global Affairs Gazette\" \/>\n<meta property=\"article:modified_time\" content=\"2025-09-23T15:57:29+00:00\" \/>\n<meta name=\"twitter:card\" content=\"summary_large_image\" \/>\n<script type=\"application\/ld+json\" class=\"yoast-schema-graph\">{\"@context\":\"https:\\\/\\\/schema.org\",\"@graph\":[{\"@type\":\"WebPage\",\"@id\":\"https:\\\/\\\/globalaffairsgazette.com\\\/de\\\/impressum\\\/\",\"url\":\"https:\\\/\\\/globalaffairsgazette.com\\\/de\\\/impressum\\\/\",\"name\":\"Impressum - Global Affairs Gazette\",\"isPartOf\":{\"@id\":\"https:\\\/\\\/globalaffairsgazette.com\\\/de\\\/#website\"},\"datePublished\":\"2025-06-25T21:48:30+00:00\",\"dateModified\":\"2025-09-23T15:57:29+00:00\",\"breadcrumb\":{\"@id\":\"https:\\\/\\\/globalaffairsgazette.com\\\/de\\\/impressum\\\/#breadcrumb\"},\"inLanguage\":\"de\",\"potentialAction\":[{\"@type\":\"ReadAction\",\"target\":[\"https:\\\/\\\/globalaffairsgazette.com\\\/de\\\/impressum\\\/\"]}]},{\"@type\":\"BreadcrumbList\",\"@id\":\"https:\\\/\\\/globalaffairsgazette.com\\\/de\\\/impressum\\\/#breadcrumb\",\"itemListElement\":[{\"@type\":\"ListItem\",\"position\":1,\"name\":\"Home\",\"item\":\"https:\\\/\\\/globalaffairsgazette.com\\\/de\\\/\"},{\"@type\":\"ListItem\",\"position\":2,\"name\":\"Impressum\"}]},{\"@type\":\"WebSite\",\"@id\":\"https:\\\/\\\/globalaffairsgazette.com\\\/de\\\/#website\",\"url\":\"https:\\\/\\\/globalaffairsgazette.com\\\/de\\\/\",\"name\":\"Global Affairs Gazette\",\"description\":\"\",\"publisher\":{\"@id\":\"https:\\\/\\\/globalaffairsgazette.com\\\/de\\\/#\\\/schema\\\/person\\\/f88e8d0c915ec70efe439f26e97af787\"},\"alternateName\":\"GAG\",\"potentialAction\":[{\"@type\":\"SearchAction\",\"target\":{\"@type\":\"EntryPoint\",\"urlTemplate\":\"https:\\\/\\\/globalaffairsgazette.com\\\/de\\\/?s={search_term_string}\"},\"query-input\":{\"@type\":\"PropertyValueSpecification\",\"valueRequired\":true,\"valueName\":\"search_term_string\"}}],\"inLanguage\":\"de\"},{\"@type\":[\"Person\",\"Organization\"],\"@id\":\"https:\\\/\\\/globalaffairsgazette.com\\\/de\\\/#\\\/schema\\\/person\\\/f88e8d0c915ec70efe439f26e97af787\",\"name\":\"Lasse Frangenberg\",\"image\":{\"@type\":\"ImageObject\",\"inLanguage\":\"de\",\"@id\":\"https:\\\/\\\/globalaffairsgazette.com\\\/wp-content\\\/uploads\\\/2024\\\/03\\\/Logo-without-Background-4.png\",\"url\":\"https:\\\/\\\/globalaffairsgazette.com\\\/wp-content\\\/uploads\\\/2024\\\/03\\\/Logo-without-Background-4.png\",\"contentUrl\":\"https:\\\/\\\/globalaffairsgazette.com\\\/wp-content\\\/uploads\\\/2024\\\/03\\\/Logo-without-Background-4.png\",\"width\":1600,\"height\":1600,\"caption\":\"Lasse Frangenberg\"},\"logo\":{\"@id\":\"https:\\\/\\\/globalaffairsgazette.com\\\/wp-content\\\/uploads\\\/2024\\\/03\\\/Logo-without-Background-4.png\"},\"sameAs\":[\"https:\\\/\\\/globalaffairsgazette.com\"]}]}<\/script>\n<!-- \/ Yoast SEO plugin. -->","yoast_head_json":{"title":"Impressum - Global Affairs Gazette","robots":{"index":"index","follow":"follow","max-snippet":"max-snippet:-1","max-image-preview":"max-image-preview:large","max-video-preview":"max-video-preview:-1"},"canonical":"https:\/\/globalaffairsgazette.com\/de\/impressum\/","og_locale":"de_DE","og_type":"article","og_title":"Impressum - Global Affairs Gazette","og_description":"Impressum Lasse FrangenbergD\u00fcsseldorfer Stra\u00dfe 19040545 D\u00fcsseldorf Kontakt Telefon: +49 176 47811763Email: globalaffairsgazette@gmail.com Redaktionell verantwortlich Lasse FrangenbergD\u00fcsseldorfer Stra\u00dfe 19040545 D\u00fcsseldorfDeutschland Haftungsausschluss \u2013 Haftung f\u00fcr Inhalte: Die Inhalte unserer Seiten wurden mit gr\u00f6\u00dfter Sorgfalt erstellt. Wir k\u00f6nnen jedoch keine Gew\u00e4hr f\u00fcr die Richtigkeit, Vollst\u00e4ndigkeit und Aktualit\u00e4t der Inhalte \u00fcbernehmen. Haftung f\u00fcr externe Links: Unsere Website enth\u00e4lt Links&hellip;","og_url":"https:\/\/globalaffairsgazette.com\/de\/impressum\/","og_site_name":"Global Affairs Gazette","article_modified_time":"2025-09-23T15:57:29+00:00","twitter_card":"summary_large_image","schema":{"@context":"https:\/\/schema.org","@graph":[{"@type":"WebPage","@id":"https:\/\/globalaffairsgazette.com\/de\/impressum\/","url":"https:\/\/globalaffairsgazette.com\/de\/impressum\/","name":"Impressum - Global Affairs Gazette","isPartOf":{"@id":"https:\/\/globalaffairsgazette.com\/de\/#website"},"datePublished":"2025-06-25T21:48:30+00:00","dateModified":"2025-09-23T15:57:29+00:00","breadcrumb":{"@id":"https:\/\/globalaffairsgazette.com\/de\/impressum\/#breadcrumb"},"inLanguage":"de","potentialAction":[{"@type":"ReadAction","target":["https:\/\/globalaffairsgazette.com\/de\/impressum\/"]}]},{"@type":"BreadcrumbList","@id":"https:\/\/globalaffairsgazette.com\/de\/impressum\/#breadcrumb","itemListElement":[{"@type":"ListItem","position":1,"name":"Home","item":"https:\/\/globalaffairsgazette.com\/de\/"},{"@type":"ListItem","position":2,"name":"Impressum"}]},{"@type":"WebSite","@id":"https:\/\/globalaffairsgazette.com\/de\/#website","url":"https:\/\/globalaffairsgazette.com\/de\/","name":"Global Affairs Gazette","description":"","publisher":{"@id":"https:\/\/globalaffairsgazette.com\/de\/#\/schema\/person\/f88e8d0c915ec70efe439f26e97af787"},"alternateName":"GAG","potentialAction":[{"@type":"SearchAction","target":{"@type":"EntryPoint","urlTemplate":"https:\/\/globalaffairsgazette.com\/de\/?s={search_term_string}"},"query-input":{"@type":"PropertyValueSpecification","valueRequired":true,"valueName":"search_term_string"}}],"inLanguage":"de"},{"@type":["Person","Organization"],"@id":"https:\/\/globalaffairsgazette.com\/de\/#\/schema\/person\/f88e8d0c915ec70efe439f26e97af787","name":"Lasse Frangenberg","image":{"@type":"ImageObject","inLanguage":"de","@id":"https:\/\/globalaffairsgazette.com\/wp-content\/uploads\/2024\/03\/Logo-without-Background-4.png","url":"https:\/\/globalaffairsgazette.com\/wp-content\/uploads\/2024\/03\/Logo-without-Background-4.png","contentUrl":"https:\/\/globalaffairsgazette.com\/wp-content\/uploads\/2024\/03\/Logo-without-Background-4.png","width":1600,"height":1600,"caption":"Lasse Frangenberg"},"logo":{"@id":"https:\/\/globalaffairsgazette.com\/wp-content\/uploads\/2024\/03\/Logo-without-Background-4.png"},"sameAs":["https:\/\/globalaffairsgazette.com"]}]}},"jetpack_sharing_enabled":true,"_links":{"self":[{"href":"https:\/\/globalaffairsgazette.com\/de\/wp-json\/wp\/v2\/pages\/13410","targetHints":{"allow":["GET"]}}],"collection":[{"href":"https:\/\/globalaffairsgazette.com\/de\/wp-json\/wp\/v2\/pages"}],"about":[{"href":"https:\/\/globalaffairsgazette.com\/de\/wp-json\/wp\/v2\/types\/page"}],"author":[{"embeddable":true,"href":"https:\/\/globalaffairsgazette.com\/de\/wp-json\/wp\/v2\/users\/1"}],"replies":[{"embeddable":true,"href":"https:\/\/globalaffairsgazette.com\/de\/wp-json\/wp\/v2\/comments?post=13410"}],"version-history":[{"count":3,"href":"https:\/\/globalaffairsgazette.com\/de\/wp-json\/wp\/v2\/pages\/13410\/revisions"}],"predecessor-version":[{"id":13446,"href":"https:\/\/globalaffairsgazette.com\/de\/wp-json\/wp\/v2\/pages\/13410\/revisions\/13446"}],"wp:attachment":[{"href":"https:\/\/globalaffairsgazette.com\/de\/wp-json\/wp\/v2\/media?parent=13410"}],"curies":[{"name":"wp","href":"https:\/\/api.w.org\/{rel}","templated":true}]}}