{"id":13220,"date":"2020-04-21T10:34:24","date_gmt":"2020-04-21T10:34:24","guid":{"rendered":"https:\/\/globalaffairsgazette.com\/sobre-mi\/"},"modified":"2025-06-25T21:30:38","modified_gmt":"2025-06-25T21:30:38","slug":"sobre-mi","status":"publish","type":"page","link":"https:\/\/globalaffairsgazette.com\/es\/sobre-mi\/","title":{"rendered":"Sobre m\u00ed"},"content":{"rendered":"\t\t<div data-elementor-type=\"wp-page\" data-elementor-id=\"13220\" class=\"elementor elementor-13220 elementor-3410\">\n\t\t\t\t\t\t<section class=\"elementor-section elementor-top-section elementor-element elementor-element-5ee0948 elementor-section-boxed elementor-section-height-default elementor-section-height-default sc_fly_static\" data-id=\"5ee0948\" data-element_type=\"section\" data-e-type=\"section\">\n\t\t\t\t\t\t<div class=\"elementor-container elementor-column-gap-extended\">\n\t\t\t\t\t<div class=\"elementor-column elementor-col-100 elementor-top-column elementor-element elementor-element-f67820b sc_content_align_inherit sc_layouts_column_icons_position_left sc_fly_static\" data-id=\"f67820b\" data-element_type=\"column\" data-e-type=\"column\">\n\t\t\t<div class=\"elementor-widget-wrap elementor-element-populated\">\n\t\t\t\t\t\t<div class=\"elementor-element elementor-element-7fdd0e4 sc_fly_static elementor-widget elementor-widget-heading\" data-id=\"7fdd0e4\" data-element_type=\"widget\" data-e-type=\"widget\" data-widget_type=\"heading.default\">\n\t\t\t\t<div class=\"elementor-widget-container\">\n\t\t\t\t\t<h1 class=\"elementor-heading-title elementor-size-default\">Sobre m\u00ed<\/h1>\t\t\t\t<\/div>\n\t\t\t\t<\/div>\n\t\t\t\t\t<\/div>\n\t\t<\/div>\n\t\t\t\t\t<\/div>\n\t\t<\/section>\n\t\t\t\t<section class=\"elementor-section elementor-top-section elementor-element elementor-element-aa91abe elementor-section-boxed elementor-section-height-default elementor-section-height-default sc_fly_static\" data-id=\"aa91abe\" data-element_type=\"section\" data-e-type=\"section\">\n\t\t\t\t\t\t<div class=\"elementor-container elementor-column-gap-extended\">\n\t\t\t\t\t<div class=\"elementor-column elementor-col-100 elementor-top-column elementor-element elementor-element-06fc739 sc_content_align_inherit sc_layouts_column_icons_position_left sc_fly_static\" data-id=\"06fc739\" data-element_type=\"column\" data-e-type=\"column\">\n\t\t\t<div class=\"elementor-widget-wrap elementor-element-populated\">\n\t\t\t\t\t\t<section class=\"elementor-section elementor-inner-section elementor-element elementor-element-bb2d194 elementor-reverse-tablet elementor-reverse-mobile elementor-section-boxed elementor-section-height-default elementor-section-height-default sc_fly_static\" data-id=\"bb2d194\" data-element_type=\"section\" data-e-type=\"section\">\n\t\t\t\t\t\t<div class=\"elementor-container elementor-column-gap-default\">\n\t\t\t\t\t<div class=\"elementor-column elementor-col-50 elementor-inner-column elementor-element elementor-element-824ec8f sc_inner_width_1_1 sc_layouts_column_align_left sc_layouts_column sc_content_align_inherit sc_layouts_column_icons_position_left sc_fly_static\" data-id=\"824ec8f\" data-element_type=\"column\" data-e-type=\"column\">\n\t\t\t<div class=\"elementor-widget-wrap elementor-element-populated\">\n\t\t\t\t\t\t<div class=\"elementor-element elementor-element-67b2cc4 elementor-widget__width-initial elementor-widget-tablet__width-initial elementor-widget-mobile__width-inherit sc_fly_static elementor-widget elementor-widget-text-editor\" data-id=\"67b2cc4\" data-element_type=\"widget\" data-e-type=\"widget\" data-widget_type=\"text-editor.default\">\n\t\t\t\t<div class=\"elementor-widget-container\">\n\t\t\t\t\t\t\t\t\t<p data-start=\"1414\" data-end=\"1456\">\n<\/p><p data-start=\"1458\" data-end=\"1746\">Soy Lasse, tengo 21 a\u00f1os y estudio periodismo en la Universidad de Viena. Me interesan los aspectos de la pol\u00edtica que suelen pasar bajo el radar en los medios tradicionales. <\/p>\n<p data-start=\"1748\" data-end=\"2043\">La cobertura medi\u00e1tica \u00abtradicional\u00bb se enfoca en los mismos temas: Donald Trump, la guerra en Ucrania, el conflicto en Oriente Medio. Como muchos, estoy cansado de eso. Con este blog quiero hablar de otros temas: de pa\u00edses y conflictos que rara vez ocupan las portadas, de debates j\u00faridicos poco conocidos, de los efectos desapercibidos del cambio clim\u00e1tico y de la geopol\u00edtica de ma\u00f1ana.  <\/p>\n<p data-start=\"2045\" data-end=\"2384\">A parte de escribir, juego al bal\u00f3n prisionero (o quemado) y al golf&nbsp;<span style=\"font-size: 17px; letter-spacing: -0.17px;\">\u2013<\/span><span style=\"font-size: 17px; letter-spacing: -0.17px;\">&nbsp;y quiero probar todos los deportes que puedo. Encuentro mi paz tocando (mediocramente) la guitarra, saliendo con mis amigos y escuchando m\u00fasica que, sinceramente, a nadie m\u00e1s le gusta. \u00daltimamente me he interesado por la fotograf\u00eda, la producci\u00f3n audiovisual y el dise\u00f1o&nbsp;<\/span>\u2013<span style=\"font-size: 17px; letter-spacing: -0.17px;\">&nbsp;comparto parte de ese contenido en la cuenta de Instagram del blog.<\/span><\/p>\n<p data-start=\"2386\" data-end=\"2777\">Crec\u00ed en el sur de Francia, me mud\u00e9 a Alemania con mis padres a los 13 a\u00f1os, empec\u00e9 mis estudios universitarios en M\u00e1laga y ahora estoy terminando mi grado en Viena. Hablo cuatro idiomas \u2013 alem\u00e1n, franc\u00e9s, ingl\u00e9s y espa\u00f1ol&nbsp;<span style=\"font-size: 17px; letter-spacing: -0.17px;\">\u2013&nbsp;<\/span><span style=\"font-size: 17px; letter-spacing: -0.17px;\">tres de los cuales ya forman parte de este blog. El franc\u00e9s se sumar\u00e1 pronto. Hice unas pr\u00e1cticas en la radiotelevisi\u00f3n p\u00fablica austriaca (ORF) y este a\u00f1o participar\u00e9 en el Campeonato Europeo Universitario de Debate.<\/span><\/p>\n<p data-start=\"2779\" data-end=\"2872\">Si tienes preguntas, ideas o comentarios, no dudes en escribirme. <\/p>\t\t\t\t\t\t\t\t<\/div>\n\t\t\t\t<\/div>\n\t\t\t\t\t<\/div>\n\t\t<\/div>\n\t\t\t\t<div class=\"elementor-column elementor-col-50 elementor-inner-column elementor-element elementor-element-4ee2076 sc-tablet_inner_width_1_1 sc_content_align_inherit sc_layouts_column_icons_position_left sc_fly_static\" data-id=\"4ee2076\" data-element_type=\"column\" data-e-type=\"column\">\n\t\t\t<div class=\"elementor-widget-wrap elementor-element-populated\">\n\t\t\t\t\t\t<div class=\"elementor-element elementor-element-79d8a26 sc_fly_static elementor-widget elementor-widget-image\" data-id=\"79d8a26\" data-element_type=\"widget\" data-e-type=\"widget\" data-widget_type=\"image.default\">\n\t\t\t\t<div class=\"elementor-widget-container\">\n\t\t\t\t\t\t\t\t\t\t\t\t\t\t\t<img fetchpriority=\"high\" decoding=\"async\" width=\"2048\" height=\"2048\" src=\"https:\/\/globalaffairsgazette.com\/wp-content\/uploads\/2024\/03\/IMG_0052-1-2048x2048.jpg\" class=\"lazyload_inited attachment-2048x2048 size-2048x2048 wp-image-13160\" alt=\"\" srcset=\"https:\/\/globalaffairsgazette.com\/wp-content\/uploads\/2024\/03\/IMG_0052-1-2048x2048.jpg 2048w, https:\/\/globalaffairsgazette.com\/wp-content\/uploads\/2024\/03\/IMG_0052-1-300x300.jpg 300w, https:\/\/globalaffairsgazette.com\/wp-content\/uploads\/2024\/03\/IMG_0052-1-1024x1024.jpg 1024w, https:\/\/globalaffairsgazette.com\/wp-content\/uploads\/2024\/03\/IMG_0052-1-150x150.jpg 150w, https:\/\/globalaffairsgazette.com\/wp-content\/uploads\/2024\/03\/IMG_0052-1-768x768.jpg 768w, https:\/\/globalaffairsgazette.com\/wp-content\/uploads\/2024\/03\/IMG_0052-1-1536x1536.jpg 1536w, https:\/\/globalaffairsgazette.com\/wp-content\/uploads\/2024\/03\/IMG_0052-1-370x370.jpg 370w, https:\/\/globalaffairsgazette.com\/wp-content\/uploads\/2024\/03\/IMG_0052-1-120x120.jpg 120w, https:\/\/globalaffairsgazette.com\/wp-content\/uploads\/2024\/03\/IMG_0052-1-1290x1290.jpg 1290w, https:\/\/globalaffairsgazette.com\/wp-content\/uploads\/2024\/03\/IMG_0052-1-1080x1080.jpg 1080w, https:\/\/globalaffairsgazette.com\/wp-content\/uploads\/2024\/03\/IMG_0052-1-865x865.jpg 865w, https:\/\/globalaffairsgazette.com\/wp-content\/uploads\/2024\/03\/IMG_0052-1-642x642.jpg 642w, https:\/\/globalaffairsgazette.com\/wp-content\/uploads\/2024\/03\/IMG_0052-1-160x160.jpg 160w\" sizes=\"(max-width: 2048px) 100vw, 2048px\" \/>\t\t\t\t\t\t\t\t\t\t\t\t\t\t\t<\/div>\n\t\t\t\t<\/div>\n\t\t\t\t\t<\/div>\n\t\t<\/div>\n\t\t\t\t\t<\/div>\n\t\t<\/section>\n\t\t\t\t\t<\/div>\n\t\t<\/div>\n\t\t\t\t\t<\/div>\n\t\t<\/section>\n\t\t\t\t<section class=\"elementor-section elementor-top-section elementor-element elementor-element-7b36aeb elementor-section-boxed elementor-section-height-default elementor-section-height-default sc_fly_static\" data-id=\"7b36aeb\" data-element_type=\"section\" data-e-type=\"section\">\n\t\t\t\t\t\t<div class=\"elementor-container elementor-column-gap-extended\">\n\t\t\t\t\t<div class=\"elementor-column elementor-col-100 elementor-top-column elementor-element elementor-element-c380027 sc_content_align_inherit sc_layouts_column_icons_position_left sc_fly_static\" data-id=\"c380027\" data-element_type=\"column\" data-e-type=\"column\">\n\t\t\t<div class=\"elementor-widget-wrap elementor-element-populated\">\n\t\t\t\t\t\t<div class=\"elementor-element elementor-element-d381aad sc_fly_static elementor-widget elementor-widget-spacer\" data-id=\"d381aad\" data-element_type=\"widget\" data-e-type=\"widget\" data-widget_type=\"spacer.default\">\n\t\t\t\t<div class=\"elementor-widget-container\">\n\t\t\t\t\t\t\t<div class=\"elementor-spacer\">\n\t\t\t<div class=\"elementor-spacer-inner\"><\/div>\n\t\t<\/div>\n\t\t\t\t\t\t<\/div>\n\t\t\t\t<\/div>\n\t\t\t\t\t<\/div>\n\t\t<\/div>\n\t\t\t\t\t<\/div>\n\t\t<\/section>\n\t\t\t\t<section class=\"elementor-section elementor-top-section elementor-element elementor-element-aa1c5d5 elementor-section-boxed elementor-section-height-default elementor-section-height-default sc_fly_static\" data-id=\"aa1c5d5\" data-element_type=\"section\" data-e-type=\"section\">\n\t\t\t\t\t\t<div class=\"elementor-container elementor-column-gap-extended\">\n\t\t\t\t\t<div class=\"elementor-column elementor-col-100 elementor-top-column elementor-element elementor-element-36efd85 sc_content_align_inherit sc_layouts_column_icons_position_left sc_fly_static\" data-id=\"36efd85\" data-element_type=\"column\" data-e-type=\"column\">\n\t\t\t<div class=\"elementor-widget-wrap elementor-element-populated\">\n\t\t\t\t\t\t<div class=\"elementor-element elementor-element-b577005 sc_fly_static elementor-widget elementor-widget-spacer\" data-id=\"b577005\" data-element_type=\"widget\" data-e-type=\"widget\" data-widget_type=\"spacer.default\">\n\t\t\t\t<div class=\"elementor-widget-container\">\n\t\t\t\t\t\t\t<div class=\"elementor-spacer\">\n\t\t\t<div class=\"elementor-spacer-inner\"><\/div>\n\t\t<\/div>\n\t\t\t\t\t\t<\/div>\n\t\t\t\t<\/div>\n\t\t\t\t\t<\/div>\n\t\t<\/div>\n\t\t\t\t\t<\/div>\n\t\t<\/section>\n\t\t\t\t<section class=\"elementor-section elementor-top-section elementor-element elementor-element-2119893 elementor-section-boxed elementor-section-height-default elementor-section-height-default sc_fly_static\" data-id=\"2119893\" data-element_type=\"section\" data-e-type=\"section\">\n\t\t\t\t\t\t<div class=\"elementor-container elementor-column-gap-extended\">\n\t\t\t\t\t<div class=\"elementor-column elementor-col-100 elementor-top-column elementor-element elementor-element-8526edb sc_content_align_inherit sc_layouts_column_icons_position_left sc_fly_static\" data-id=\"8526edb\" data-element_type=\"column\" data-e-type=\"column\">\n\t\t\t<div class=\"elementor-widget-wrap elementor-element-populated\">\n\t\t\t\t\t\t<div class=\"elementor-element elementor-element-d458929 sc_fly_static elementor-widget elementor-widget-spacer\" data-id=\"d458929\" data-element_type=\"widget\" data-e-type=\"widget\" data-widget_type=\"spacer.default\">\n\t\t\t\t<div class=\"elementor-widget-container\">\n\t\t\t\t\t\t\t<div class=\"elementor-spacer\">\n\t\t\t<div class=\"elementor-spacer-inner\"><\/div>\n\t\t<\/div>\n\t\t\t\t\t\t<\/div>\n\t\t\t\t<\/div>\n\t\t\t\t\t<\/div>\n\t\t<\/div>\n\t\t\t\t\t<\/div>\n\t\t<\/section>\n\t\t\t\t<section class=\"elementor-section elementor-top-section elementor-element elementor-element-769b6d8 elementor-section-boxed elementor-section-height-default elementor-section-height-default sc_fly_static\" data-id=\"769b6d8\" data-element_type=\"section\" data-e-type=\"section\">\n\t\t\t\t\t\t<div class=\"elementor-container elementor-column-gap-extended\">\n\t\t\t\t\t<div class=\"elementor-column elementor-col-100 elementor-top-column elementor-element elementor-element-5c88929 sc_content_align_inherit sc_layouts_column_icons_position_left sc_fly_static\" data-id=\"5c88929\" data-element_type=\"column\" data-e-type=\"column\">\n\t\t\t<div class=\"elementor-widget-wrap\">\n\t\t\t\t\t\t\t<\/div>\n\t\t<\/div>\n\t\t\t\t\t<\/div>\n\t\t<\/section>\n\t\t\t\t<\/div>\n\t\t","protected":false},"excerpt":{"rendered":"<p>Sobre m\u00ed Soy Lasse, tengo 21 a\u00f1os y estudio periodismo en la Universidad de Viena. Me interesan los aspectos de la pol\u00edtica que suelen pasar bajo el radar en los medios tradicionales. La cobertura medi\u00e1tica \u00abtradicional\u00bb se enfoca en los mismos temas: Donald Trump, la guerra en Ucrania, el conflicto en Oriente Medio. Como muchos,&hellip;<\/p>\n","protected":false},"author":1,"featured_media":0,"parent":0,"menu_order":0,"comment_status":"closed","ping_status":"closed","template":"","meta":{"limit_modified_date":"","last_modified_date":"","footnotes":""},"class_list":["post-13220","page","type-page","status-publish","hentry"],"yoast_head":"<!-- This site is optimized with the Yoast SEO plugin v27.5 - https:\/\/yoast.com\/product\/yoast-seo-wordpress\/ -->\n<title>Sobre m\u00ed - Global Affairs Gazette<\/title>\n<meta name=\"robots\" content=\"index, follow, max-snippet:-1, max-image-preview:large, max-video-preview:-1\" \/>\n<link rel=\"canonical\" href=\"https:\/\/globalaffairsgazette.com\/es\/sobre-mi\/\" \/>\n<meta property=\"og:locale\" content=\"es_ES\" \/>\n<meta property=\"og:type\" content=\"article\" \/>\n<meta property=\"og:title\" content=\"Sobre m\u00ed - Global Affairs Gazette\" \/>\n<meta property=\"og:description\" content=\"Sobre m\u00ed Soy Lasse, tengo 21 a\u00f1os y estudio periodismo en la Universidad de Viena. Me interesan los aspectos de la pol\u00edtica que suelen pasar bajo el radar en los medios tradicionales. La cobertura medi\u00e1tica \u00abtradicional\u00bb se enfoca en los mismos temas: Donald Trump, la guerra en Ucrania, el conflicto en Oriente Medio. Como muchos,&hellip;\" \/>\n<meta property=\"og:url\" content=\"https:\/\/globalaffairsgazette.com\/es\/sobre-mi\/\" \/>\n<meta property=\"og:site_name\" content=\"Global Affairs Gazette\" \/>\n<meta property=\"article:modified_time\" content=\"2025-06-25T21:30:38+00:00\" \/>\n<meta property=\"og:image\" content=\"https:\/\/globalaffairsgazette.com\/wp-content\/uploads\/2024\/03\/IMG_0052-1-scaled.jpg\" \/>\n\t<meta property=\"og:image:width\" content=\"1600\" \/>\n\t<meta property=\"og:image:height\" content=\"1600\" \/>\n\t<meta property=\"og:image:type\" content=\"image\/jpeg\" \/>\n<meta name=\"twitter:card\" content=\"summary_large_image\" \/>\n<meta name=\"twitter:label1\" content=\"Tiempo de lectura\" \/>\n\t<meta name=\"twitter:data1\" content=\"1 minuto\" \/>\n<script type=\"application\/ld+json\" class=\"yoast-schema-graph\">{\"@context\":\"https:\\\/\\\/schema.org\",\"@graph\":[{\"@type\":\"WebPage\",\"@id\":\"https:\\\/\\\/globalaffairsgazette.com\\\/es\\\/sobre-mi\\\/\",\"url\":\"https:\\\/\\\/globalaffairsgazette.com\\\/es\\\/sobre-mi\\\/\",\"name\":\"Sobre m\u00ed - Global Affairs Gazette\",\"isPartOf\":{\"@id\":\"https:\\\/\\\/globalaffairsgazette.com\\\/es\\\/#website\"},\"primaryImageOfPage\":{\"@id\":\"https:\\\/\\\/globalaffairsgazette.com\\\/es\\\/sobre-mi\\\/#primaryimage\"},\"image\":{\"@id\":\"https:\\\/\\\/globalaffairsgazette.com\\\/es\\\/sobre-mi\\\/#primaryimage\"},\"thumbnailUrl\":\"https:\\\/\\\/globalaffairsgazette.com\\\/wp-content\\\/uploads\\\/2024\\\/03\\\/IMG_0052-1-2048x2048.jpg\",\"datePublished\":\"2020-04-21T10:34:24+00:00\",\"dateModified\":\"2025-06-25T21:30:38+00:00\",\"breadcrumb\":{\"@id\":\"https:\\\/\\\/globalaffairsgazette.com\\\/es\\\/sobre-mi\\\/#breadcrumb\"},\"inLanguage\":\"es\",\"potentialAction\":[{\"@type\":\"ReadAction\",\"target\":[\"https:\\\/\\\/globalaffairsgazette.com\\\/es\\\/sobre-mi\\\/\"]}]},{\"@type\":\"ImageObject\",\"inLanguage\":\"es\",\"@id\":\"https:\\\/\\\/globalaffairsgazette.com\\\/es\\\/sobre-mi\\\/#primaryimage\",\"url\":\"https:\\\/\\\/globalaffairsgazette.com\\\/wp-content\\\/uploads\\\/2024\\\/03\\\/IMG_0052-1-2048x2048.jpg\",\"contentUrl\":\"https:\\\/\\\/globalaffairsgazette.com\\\/wp-content\\\/uploads\\\/2024\\\/03\\\/IMG_0052-1-2048x2048.jpg\"},{\"@type\":\"BreadcrumbList\",\"@id\":\"https:\\\/\\\/globalaffairsgazette.com\\\/es\\\/sobre-mi\\\/#breadcrumb\",\"itemListElement\":[{\"@type\":\"ListItem\",\"position\":1,\"name\":\"Home\",\"item\":\"https:\\\/\\\/globalaffairsgazette.com\\\/es\\\/\"},{\"@type\":\"ListItem\",\"position\":2,\"name\":\"Sobre m\u00ed\"}]},{\"@type\":\"WebSite\",\"@id\":\"https:\\\/\\\/globalaffairsgazette.com\\\/es\\\/#website\",\"url\":\"https:\\\/\\\/globalaffairsgazette.com\\\/es\\\/\",\"name\":\"Global Affairs Gazette\",\"description\":\"\",\"publisher\":{\"@id\":\"https:\\\/\\\/globalaffairsgazette.com\\\/es\\\/#\\\/schema\\\/person\\\/f88e8d0c915ec70efe439f26e97af787\"},\"alternateName\":\"GAG\",\"potentialAction\":[{\"@type\":\"SearchAction\",\"target\":{\"@type\":\"EntryPoint\",\"urlTemplate\":\"https:\\\/\\\/globalaffairsgazette.com\\\/es\\\/?s={search_term_string}\"},\"query-input\":{\"@type\":\"PropertyValueSpecification\",\"valueRequired\":true,\"valueName\":\"search_term_string\"}}],\"inLanguage\":\"es\"},{\"@type\":[\"Person\",\"Organization\"],\"@id\":\"https:\\\/\\\/globalaffairsgazette.com\\\/es\\\/#\\\/schema\\\/person\\\/f88e8d0c915ec70efe439f26e97af787\",\"name\":\"Lasse Frangenberg\",\"image\":{\"@type\":\"ImageObject\",\"inLanguage\":\"es\",\"@id\":\"https:\\\/\\\/globalaffairsgazette.com\\\/wp-content\\\/uploads\\\/2024\\\/03\\\/Logo-without-Background-4.png\",\"url\":\"https:\\\/\\\/globalaffairsgazette.com\\\/wp-content\\\/uploads\\\/2024\\\/03\\\/Logo-without-Background-4.png\",\"contentUrl\":\"https:\\\/\\\/globalaffairsgazette.com\\\/wp-content\\\/uploads\\\/2024\\\/03\\\/Logo-without-Background-4.png\",\"width\":1600,\"height\":1600,\"caption\":\"Lasse Frangenberg\"},\"logo\":{\"@id\":\"https:\\\/\\\/globalaffairsgazette.com\\\/wp-content\\\/uploads\\\/2024\\\/03\\\/Logo-without-Background-4.png\"},\"sameAs\":[\"https:\\\/\\\/globalaffairsgazette.com\"]}]}<\/script>\n<!-- \/ Yoast SEO plugin. -->","yoast_head_json":{"title":"Sobre m\u00ed - Global Affairs Gazette","robots":{"index":"index","follow":"follow","max-snippet":"max-snippet:-1","max-image-preview":"max-image-preview:large","max-video-preview":"max-video-preview:-1"},"canonical":"https:\/\/globalaffairsgazette.com\/es\/sobre-mi\/","og_locale":"es_ES","og_type":"article","og_title":"Sobre m\u00ed - Global Affairs Gazette","og_description":"Sobre m\u00ed Soy Lasse, tengo 21 a\u00f1os y estudio periodismo en la Universidad de Viena. Me interesan los aspectos de la pol\u00edtica que suelen pasar bajo el radar en los medios tradicionales. La cobertura medi\u00e1tica \u00abtradicional\u00bb se enfoca en los mismos temas: Donald Trump, la guerra en Ucrania, el conflicto en Oriente Medio. Como muchos,&hellip;","og_url":"https:\/\/globalaffairsgazette.com\/es\/sobre-mi\/","og_site_name":"Global Affairs Gazette","article_modified_time":"2025-06-25T21:30:38+00:00","og_image":[{"width":1600,"height":1600,"url":"https:\/\/globalaffairsgazette.com\/wp-content\/uploads\/2024\/03\/IMG_0052-1-scaled.jpg","type":"image\/jpeg"}],"twitter_card":"summary_large_image","twitter_misc":{"Tiempo de lectura":"1 minuto"},"schema":{"@context":"https:\/\/schema.org","@graph":[{"@type":"WebPage","@id":"https:\/\/globalaffairsgazette.com\/es\/sobre-mi\/","url":"https:\/\/globalaffairsgazette.com\/es\/sobre-mi\/","name":"Sobre m\u00ed - Global Affairs Gazette","isPartOf":{"@id":"https:\/\/globalaffairsgazette.com\/es\/#website"},"primaryImageOfPage":{"@id":"https:\/\/globalaffairsgazette.com\/es\/sobre-mi\/#primaryimage"},"image":{"@id":"https:\/\/globalaffairsgazette.com\/es\/sobre-mi\/#primaryimage"},"thumbnailUrl":"https:\/\/globalaffairsgazette.com\/wp-content\/uploads\/2024\/03\/IMG_0052-1-2048x2048.jpg","datePublished":"2020-04-21T10:34:24+00:00","dateModified":"2025-06-25T21:30:38+00:00","breadcrumb":{"@id":"https:\/\/globalaffairsgazette.com\/es\/sobre-mi\/#breadcrumb"},"inLanguage":"es","potentialAction":[{"@type":"ReadAction","target":["https:\/\/globalaffairsgazette.com\/es\/sobre-mi\/"]}]},{"@type":"ImageObject","inLanguage":"es","@id":"https:\/\/globalaffairsgazette.com\/es\/sobre-mi\/#primaryimage","url":"https:\/\/globalaffairsgazette.com\/wp-content\/uploads\/2024\/03\/IMG_0052-1-2048x2048.jpg","contentUrl":"https:\/\/globalaffairsgazette.com\/wp-content\/uploads\/2024\/03\/IMG_0052-1-2048x2048.jpg"},{"@type":"BreadcrumbList","@id":"https:\/\/globalaffairsgazette.com\/es\/sobre-mi\/#breadcrumb","itemListElement":[{"@type":"ListItem","position":1,"name":"Home","item":"https:\/\/globalaffairsgazette.com\/es\/"},{"@type":"ListItem","position":2,"name":"Sobre m\u00ed"}]},{"@type":"WebSite","@id":"https:\/\/globalaffairsgazette.com\/es\/#website","url":"https:\/\/globalaffairsgazette.com\/es\/","name":"Global Affairs Gazette","description":"","publisher":{"@id":"https:\/\/globalaffairsgazette.com\/es\/#\/schema\/person\/f88e8d0c915ec70efe439f26e97af787"},"alternateName":"GAG","potentialAction":[{"@type":"SearchAction","target":{"@type":"EntryPoint","urlTemplate":"https:\/\/globalaffairsgazette.com\/es\/?s={search_term_string}"},"query-input":{"@type":"PropertyValueSpecification","valueRequired":true,"valueName":"search_term_string"}}],"inLanguage":"es"},{"@type":["Person","Organization"],"@id":"https:\/\/globalaffairsgazette.com\/es\/#\/schema\/person\/f88e8d0c915ec70efe439f26e97af787","name":"Lasse Frangenberg","image":{"@type":"ImageObject","inLanguage":"es","@id":"https:\/\/globalaffairsgazette.com\/wp-content\/uploads\/2024\/03\/Logo-without-Background-4.png","url":"https:\/\/globalaffairsgazette.com\/wp-content\/uploads\/2024\/03\/Logo-without-Background-4.png","contentUrl":"https:\/\/globalaffairsgazette.com\/wp-content\/uploads\/2024\/03\/Logo-without-Background-4.png","width":1600,"height":1600,"caption":"Lasse Frangenberg"},"logo":{"@id":"https:\/\/globalaffairsgazette.com\/wp-content\/uploads\/2024\/03\/Logo-without-Background-4.png"},"sameAs":["https:\/\/globalaffairsgazette.com"]}]}},"jetpack_sharing_enabled":true,"_links":{"self":[{"href":"https:\/\/globalaffairsgazette.com\/es\/wp-json\/wp\/v2\/pages\/13220","targetHints":{"allow":["GET"]}}],"collection":[{"href":"https:\/\/globalaffairsgazette.com\/es\/wp-json\/wp\/v2\/pages"}],"about":[{"href":"https:\/\/globalaffairsgazette.com\/es\/wp-json\/wp\/v2\/types\/page"}],"author":[{"embeddable":true,"href":"https:\/\/globalaffairsgazette.com\/es\/wp-json\/wp\/v2\/users\/1"}],"replies":[{"embeddable":true,"href":"https:\/\/globalaffairsgazette.com\/es\/wp-json\/wp\/v2\/comments?post=13220"}],"version-history":[{"count":6,"href":"https:\/\/globalaffairsgazette.com\/es\/wp-json\/wp\/v2\/pages\/13220\/revisions"}],"predecessor-version":[{"id":13396,"href":"https:\/\/globalaffairsgazette.com\/es\/wp-json\/wp\/v2\/pages\/13220\/revisions\/13396"}],"wp:attachment":[{"href":"https:\/\/globalaffairsgazette.com\/es\/wp-json\/wp\/v2\/media?parent=13220"}],"curies":[{"name":"wp","href":"https:\/\/api.w.org\/{rel}","templated":true}]}}