{"id":13425,"date":"2025-06-25T23:48:30","date_gmt":"2025-06-25T21:48:30","guid":{"rendered":"https:\/\/globalaffairsgazette.com\/aviso-legal\/"},"modified":"2025-09-23T17:58:07","modified_gmt":"2025-09-23T15:58:07","slug":"aviso-legal","status":"publish","type":"page","link":"https:\/\/globalaffairsgazette.com\/es\/aviso-legal\/","title":{"rendered":"Aviso legal"},"content":{"rendered":"\n<h1 class=\"wp-block-heading\">Aviso legal<\/h1>\n\n\n\n<h2 class=\"wp-block-heading\"><strong>Seg\u00fan el \u00a7\u202f5 TMG (Ley Alemana de Servicios de Telecomunicaci\u00f3n):<\/strong><\/h2>\n\n\n\n<p>Lasse Frangenberg<br>D\u00fcsseldorfer Stra\u00dfe 190<br>40545 D\u00fcsseldorf<br>Alemania<\/p>\n\n\n\n<h2 class=\"wp-block-heading\"><strong>Contacto<\/strong><\/h2>\n\n\n\n<p>Tel\u00e9fono: +49 176 47811763<br>Correo electr\u00f3nico: <a>globalaffairsgazette@gmail.com<\/a><\/p>\n\n\n\n<h2 class=\"wp-block-heading\"><strong>Responsable del contenido editorial seg\u00fan el \u00a7\u202f18(2) MStV (Tratado Estatal Alem\u00e1n sobre Medios de Comunicaci\u00f3n):<\/strong><\/h2>\n\n\n\n<p>Lasse Frangenberg<br>D\u00fcsseldorfer Stra\u00dfe 190<br>40545 D\u00fcsseldorf<br>Alemania<\/p>\n\n\n\n<h2 class=\"wp-block-heading\"><strong>Descargo de responsabilidad \u2013 Responsabilidad por los contenidos:<\/strong><\/h2>\n\n\n\n<p>El contenido de nuestras p\u00e1ginas ha sido creado con el mayor cuidado. Sin embargo, no podemos garantizar la exactitud, integridad o actualidad de los contenidos.<\/p>\n\n\n\n<h2 class=\"wp-block-heading\"><strong>Responsabilidad por enlaces externos:<\/strong><\/h2>\n\n\n\n<p>Nuestro sitio contiene enlaces a p\u00e1ginas web externas de terceros. No tenemos ninguna influencia sobre su contenido y, por tanto, no podemos asumir responsabilidad alguna por dichos contenidos. El proveedor u operador correspondiente es siempre responsable del contenido de las p\u00e1ginas enlazadas.<\/p>\n\n\n\n<hr class=\"wp-block-separator has-alpha-channel-opacity\"\/>\n","protected":false},"excerpt":{"rendered":"<p>Aviso legal Seg\u00fan el \u00a7\u202f5 TMG (Ley Alemana de Servicios de Telecomunicaci\u00f3n): Lasse FrangenbergD\u00fcsseldorfer Stra\u00dfe 19040545 D\u00fcsseldorfAlemania Contacto Tel\u00e9fono: +49 176 47811763Correo electr\u00f3nico: globalaffairsgazette@gmail.com Responsable del contenido editorial seg\u00fan el \u00a7\u202f18(2) MStV (Tratado Estatal Alem\u00e1n sobre Medios de Comunicaci\u00f3n): Lasse FrangenbergD\u00fcsseldorfer Stra\u00dfe 19040545 D\u00fcsseldorfAlemania Descargo de responsabilidad \u2013 Responsabilidad por los contenidos: El contenido de&hellip;<\/p>\n","protected":false},"author":1,"featured_media":0,"parent":0,"menu_order":0,"comment_status":"closed","ping_status":"closed","template":"","meta":{"limit_modified_date":"","last_modified_date":"","footnotes":""},"class_list":["post-13425","page","type-page","status-publish","hentry"],"yoast_head":"<!-- This site is optimized with the Yoast SEO plugin v27.5 - https:\/\/yoast.com\/product\/yoast-seo-wordpress\/ -->\n<title>Aviso legal - Global Affairs Gazette<\/title>\n<meta name=\"robots\" content=\"index, follow, max-snippet:-1, max-image-preview:large, max-video-preview:-1\" \/>\n<link rel=\"canonical\" href=\"https:\/\/globalaffairsgazette.com\/es\/aviso-legal\/\" \/>\n<meta property=\"og:locale\" content=\"es_ES\" \/>\n<meta property=\"og:type\" content=\"article\" \/>\n<meta property=\"og:title\" content=\"Aviso legal - Global Affairs Gazette\" \/>\n<meta property=\"og:description\" content=\"Aviso legal Seg\u00fan el \u00a7\u202f5 TMG (Ley Alemana de Servicios de Telecomunicaci\u00f3n): Lasse FrangenbergD\u00fcsseldorfer Stra\u00dfe 19040545 D\u00fcsseldorfAlemania Contacto Tel\u00e9fono: +49 176 47811763Correo electr\u00f3nico: globalaffairsgazette@gmail.com Responsable del contenido editorial seg\u00fan el \u00a7\u202f18(2) MStV (Tratado Estatal Alem\u00e1n sobre Medios de Comunicaci\u00f3n): Lasse FrangenbergD\u00fcsseldorfer Stra\u00dfe 19040545 D\u00fcsseldorfAlemania Descargo de responsabilidad \u2013 Responsabilidad por los contenidos: El contenido de&hellip;\" \/>\n<meta property=\"og:url\" content=\"https:\/\/globalaffairsgazette.com\/es\/aviso-legal\/\" \/>\n<meta property=\"og:site_name\" content=\"Global Affairs Gazette\" \/>\n<meta property=\"article:modified_time\" content=\"2025-09-23T15:58:07+00:00\" \/>\n<meta name=\"twitter:card\" content=\"summary_large_image\" \/>\n<meta name=\"twitter:label1\" content=\"Tiempo de lectura\" \/>\n\t<meta name=\"twitter:data1\" content=\"1 minuto\" \/>\n<script type=\"application\/ld+json\" class=\"yoast-schema-graph\">{\"@context\":\"https:\\\/\\\/schema.org\",\"@graph\":[{\"@type\":\"WebPage\",\"@id\":\"https:\\\/\\\/globalaffairsgazette.com\\\/es\\\/aviso-legal\\\/\",\"url\":\"https:\\\/\\\/globalaffairsgazette.com\\\/es\\\/aviso-legal\\\/\",\"name\":\"Aviso legal - Global Affairs Gazette\",\"isPartOf\":{\"@id\":\"https:\\\/\\\/globalaffairsgazette.com\\\/es\\\/#website\"},\"datePublished\":\"2025-06-25T21:48:30+00:00\",\"dateModified\":\"2025-09-23T15:58:07+00:00\",\"breadcrumb\":{\"@id\":\"https:\\\/\\\/globalaffairsgazette.com\\\/es\\\/aviso-legal\\\/#breadcrumb\"},\"inLanguage\":\"es\",\"potentialAction\":[{\"@type\":\"ReadAction\",\"target\":[\"https:\\\/\\\/globalaffairsgazette.com\\\/es\\\/aviso-legal\\\/\"]}]},{\"@type\":\"BreadcrumbList\",\"@id\":\"https:\\\/\\\/globalaffairsgazette.com\\\/es\\\/aviso-legal\\\/#breadcrumb\",\"itemListElement\":[{\"@type\":\"ListItem\",\"position\":1,\"name\":\"Home\",\"item\":\"https:\\\/\\\/globalaffairsgazette.com\\\/es\\\/\"},{\"@type\":\"ListItem\",\"position\":2,\"name\":\"Aviso legal\"}]},{\"@type\":\"WebSite\",\"@id\":\"https:\\\/\\\/globalaffairsgazette.com\\\/es\\\/#website\",\"url\":\"https:\\\/\\\/globalaffairsgazette.com\\\/es\\\/\",\"name\":\"Global Affairs Gazette\",\"description\":\"\",\"publisher\":{\"@id\":\"https:\\\/\\\/globalaffairsgazette.com\\\/es\\\/#\\\/schema\\\/person\\\/f88e8d0c915ec70efe439f26e97af787\"},\"alternateName\":\"GAG\",\"potentialAction\":[{\"@type\":\"SearchAction\",\"target\":{\"@type\":\"EntryPoint\",\"urlTemplate\":\"https:\\\/\\\/globalaffairsgazette.com\\\/es\\\/?s={search_term_string}\"},\"query-input\":{\"@type\":\"PropertyValueSpecification\",\"valueRequired\":true,\"valueName\":\"search_term_string\"}}],\"inLanguage\":\"es\"},{\"@type\":[\"Person\",\"Organization\"],\"@id\":\"https:\\\/\\\/globalaffairsgazette.com\\\/es\\\/#\\\/schema\\\/person\\\/f88e8d0c915ec70efe439f26e97af787\",\"name\":\"Lasse Frangenberg\",\"image\":{\"@type\":\"ImageObject\",\"inLanguage\":\"es\",\"@id\":\"https:\\\/\\\/globalaffairsgazette.com\\\/wp-content\\\/uploads\\\/2024\\\/03\\\/Logo-without-Background-4.png\",\"url\":\"https:\\\/\\\/globalaffairsgazette.com\\\/wp-content\\\/uploads\\\/2024\\\/03\\\/Logo-without-Background-4.png\",\"contentUrl\":\"https:\\\/\\\/globalaffairsgazette.com\\\/wp-content\\\/uploads\\\/2024\\\/03\\\/Logo-without-Background-4.png\",\"width\":1600,\"height\":1600,\"caption\":\"Lasse Frangenberg\"},\"logo\":{\"@id\":\"https:\\\/\\\/globalaffairsgazette.com\\\/wp-content\\\/uploads\\\/2024\\\/03\\\/Logo-without-Background-4.png\"},\"sameAs\":[\"https:\\\/\\\/globalaffairsgazette.com\"]}]}<\/script>\n<!-- \/ Yoast SEO plugin. -->","yoast_head_json":{"title":"Aviso legal - Global Affairs Gazette","robots":{"index":"index","follow":"follow","max-snippet":"max-snippet:-1","max-image-preview":"max-image-preview:large","max-video-preview":"max-video-preview:-1"},"canonical":"https:\/\/globalaffairsgazette.com\/es\/aviso-legal\/","og_locale":"es_ES","og_type":"article","og_title":"Aviso legal - Global Affairs Gazette","og_description":"Aviso legal Seg\u00fan el \u00a7\u202f5 TMG (Ley Alemana de Servicios de Telecomunicaci\u00f3n): Lasse FrangenbergD\u00fcsseldorfer Stra\u00dfe 19040545 D\u00fcsseldorfAlemania Contacto Tel\u00e9fono: +49 176 47811763Correo electr\u00f3nico: globalaffairsgazette@gmail.com Responsable del contenido editorial seg\u00fan el \u00a7\u202f18(2) MStV (Tratado Estatal Alem\u00e1n sobre Medios de Comunicaci\u00f3n): Lasse FrangenbergD\u00fcsseldorfer Stra\u00dfe 19040545 D\u00fcsseldorfAlemania Descargo de responsabilidad \u2013 Responsabilidad por los contenidos: El contenido de&hellip;","og_url":"https:\/\/globalaffairsgazette.com\/es\/aviso-legal\/","og_site_name":"Global Affairs Gazette","article_modified_time":"2025-09-23T15:58:07+00:00","twitter_card":"summary_large_image","twitter_misc":{"Tiempo de lectura":"1 minuto"},"schema":{"@context":"https:\/\/schema.org","@graph":[{"@type":"WebPage","@id":"https:\/\/globalaffairsgazette.com\/es\/aviso-legal\/","url":"https:\/\/globalaffairsgazette.com\/es\/aviso-legal\/","name":"Aviso legal - Global Affairs Gazette","isPartOf":{"@id":"https:\/\/globalaffairsgazette.com\/es\/#website"},"datePublished":"2025-06-25T21:48:30+00:00","dateModified":"2025-09-23T15:58:07+00:00","breadcrumb":{"@id":"https:\/\/globalaffairsgazette.com\/es\/aviso-legal\/#breadcrumb"},"inLanguage":"es","potentialAction":[{"@type":"ReadAction","target":["https:\/\/globalaffairsgazette.com\/es\/aviso-legal\/"]}]},{"@type":"BreadcrumbList","@id":"https:\/\/globalaffairsgazette.com\/es\/aviso-legal\/#breadcrumb","itemListElement":[{"@type":"ListItem","position":1,"name":"Home","item":"https:\/\/globalaffairsgazette.com\/es\/"},{"@type":"ListItem","position":2,"name":"Aviso legal"}]},{"@type":"WebSite","@id":"https:\/\/globalaffairsgazette.com\/es\/#website","url":"https:\/\/globalaffairsgazette.com\/es\/","name":"Global Affairs Gazette","description":"","publisher":{"@id":"https:\/\/globalaffairsgazette.com\/es\/#\/schema\/person\/f88e8d0c915ec70efe439f26e97af787"},"alternateName":"GAG","potentialAction":[{"@type":"SearchAction","target":{"@type":"EntryPoint","urlTemplate":"https:\/\/globalaffairsgazette.com\/es\/?s={search_term_string}"},"query-input":{"@type":"PropertyValueSpecification","valueRequired":true,"valueName":"search_term_string"}}],"inLanguage":"es"},{"@type":["Person","Organization"],"@id":"https:\/\/globalaffairsgazette.com\/es\/#\/schema\/person\/f88e8d0c915ec70efe439f26e97af787","name":"Lasse Frangenberg","image":{"@type":"ImageObject","inLanguage":"es","@id":"https:\/\/globalaffairsgazette.com\/wp-content\/uploads\/2024\/03\/Logo-without-Background-4.png","url":"https:\/\/globalaffairsgazette.com\/wp-content\/uploads\/2024\/03\/Logo-without-Background-4.png","contentUrl":"https:\/\/globalaffairsgazette.com\/wp-content\/uploads\/2024\/03\/Logo-without-Background-4.png","width":1600,"height":1600,"caption":"Lasse Frangenberg"},"logo":{"@id":"https:\/\/globalaffairsgazette.com\/wp-content\/uploads\/2024\/03\/Logo-without-Background-4.png"},"sameAs":["https:\/\/globalaffairsgazette.com"]}]}},"jetpack_sharing_enabled":true,"_links":{"self":[{"href":"https:\/\/globalaffairsgazette.com\/es\/wp-json\/wp\/v2\/pages\/13425","targetHints":{"allow":["GET"]}}],"collection":[{"href":"https:\/\/globalaffairsgazette.com\/es\/wp-json\/wp\/v2\/pages"}],"about":[{"href":"https:\/\/globalaffairsgazette.com\/es\/wp-json\/wp\/v2\/types\/page"}],"author":[{"embeddable":true,"href":"https:\/\/globalaffairsgazette.com\/es\/wp-json\/wp\/v2\/users\/1"}],"replies":[{"embeddable":true,"href":"https:\/\/globalaffairsgazette.com\/es\/wp-json\/wp\/v2\/comments?post=13425"}],"version-history":[{"count":2,"href":"https:\/\/globalaffairsgazette.com\/es\/wp-json\/wp\/v2\/pages\/13425\/revisions"}],"predecessor-version":[{"id":13428,"href":"https:\/\/globalaffairsgazette.com\/es\/wp-json\/wp\/v2\/pages\/13425\/revisions\/13428"}],"wp:attachment":[{"href":"https:\/\/globalaffairsgazette.com\/es\/wp-json\/wp\/v2\/media?parent=13425"}],"curies":[{"name":"wp","href":"https:\/\/api.w.org\/{rel}","templated":true}]}}